{"id":47,"date":"2021-11-29T17:53:26","date_gmt":"2021-11-29T17:53:26","guid":{"rendered":"http:\/\/promtuslogistica.com\/?page_id=47"},"modified":"2021-12-06T19:31:03","modified_gmt":"2021-12-06T19:31:03","slug":"home","status":"publish","type":"page","link":"http:\/\/promtuslogistica.com\/en\/home\/","title":{"rendered":"Home"},"content":{"rendered":"<div data-elementor-type=\"wp-page\" data-elementor-id=\"47\" class=\"elementor elementor-47\">\n\t\t\t\t\t\t<section class=\"elementor-section elementor-top-section elementor-element elementor-element-278f6f9c elementor-section-boxed elementor-section-height-default elementor-section-height-default\" data-id=\"278f6f9c\" data-element_type=\"section\">\n\t\t\t\t\t\t<div class=\"elementor-container elementor-column-gap-no\">\n\t\t\t\t\t<div class=\"elementor-column elementor-col-100 elementor-top-column elementor-element elementor-element-3a80a499\" data-id=\"3a80a499\" data-element_type=\"column\">\n\t\t\t<div class=\"elementor-widget-wrap elementor-element-populated\">\n\t\t\t\t\t\t\t<\/div>\n\t\t<\/div>\n\t\t\t\t\t<\/div>\n\t\t<\/section>\n\t\t\t\t<section class=\"elementor-section elementor-top-section elementor-element elementor-element-0b5bfcb elementor-section-full_width elementor-section-height-default elementor-section-height-default\" data-id=\"0b5bfcb\" data-element_type=\"section\" data-settings=\"{&quot;background_background&quot;:&quot;classic&quot;}\">\n\t\t\t\t\t\t<div class=\"elementor-container elementor-column-gap-no\">\n\t\t\t\t\t<div class=\"elementor-column elementor-col-100 elementor-top-column elementor-element elementor-element-f1852bf\" data-id=\"f1852bf\" data-element_type=\"column\">\n\t\t\t<div class=\"elementor-widget-wrap elementor-element-populated\">\n\t\t\t\t\t\t<section class=\"elementor-section elementor-inner-section elementor-element elementor-element-9e44882 elementor-section-boxed elementor-section-height-default elementor-section-height-default\" data-id=\"9e44882\" data-element_type=\"section\" data-settings=\"{&quot;background_background&quot;:&quot;classic&quot;}\">\n\t\t\t\t\t\t<div class=\"elementor-container elementor-column-gap-default\">\n\t\t\t\t\t<div class=\"elementor-column elementor-col-100 elementor-inner-column elementor-element elementor-element-811376a\" data-id=\"811376a\" data-element_type=\"column\">\n\t\t\t<div class=\"elementor-widget-wrap elementor-element-populated\">\n\t\t\t\t\t\t<div class=\"elementor-element elementor-element-8bea433 elementor-widget elementor-widget-heading\" data-id=\"8bea433\" data-element_type=\"widget\" data-widget_type=\"heading.default\">\n\t\t\t\t<div class=\"elementor-widget-container\">\n\t\t\t\t\t<h3 class=\"elementor-heading-title elementor-size-default\">About Us<\/h3>\t\t\t\t<\/div>\n\t\t\t\t<\/div>\n\t\t\t\t\t<\/div>\n\t\t<\/div>\n\t\t\t\t\t<\/div>\n\t\t<\/section>\n\t\t\t\t<section class=\"elementor-section elementor-inner-section elementor-element elementor-element-376f44e elementor-section-boxed elementor-section-height-default elementor-section-height-default\" data-id=\"376f44e\" data-element_type=\"section\" data-settings=\"{&quot;background_background&quot;:&quot;classic&quot;}\">\n\t\t\t\t\t\t<div class=\"elementor-container elementor-column-gap-no\">\n\t\t\t\t\t<div class=\"elementor-column elementor-col-50 elementor-inner-column elementor-element elementor-element-26a07c2\" data-id=\"26a07c2\" data-element_type=\"column\">\n\t\t\t<div class=\"elementor-widget-wrap elementor-element-populated\">\n\t\t\t\t\t\t<div class=\"elementor-element elementor-element-61c050e elementor-widget elementor-widget-image\" data-id=\"61c050e\" data-element_type=\"widget\" data-widget_type=\"image.default\">\n\t\t\t\t<div class=\"elementor-widget-container\">\n\t\t\t\t\t\t\t\t\t\t\t\t\t\t\t<img fetchpriority=\"high\" decoding=\"async\" width=\"2048\" height=\"1490\" src=\"http:\/\/promtuslogistica.com\/wp-content\/uploads\/2021\/11\/body_inicio-2048x1490.jpg\" class=\"attachment-2048x2048 size-2048x2048 wp-image-91\" alt=\"\" srcset=\"http:\/\/promtuslogistica.com\/wp-content\/uploads\/2021\/11\/body_inicio-2048x1490.jpg 2048w, http:\/\/promtuslogistica.com\/wp-content\/uploads\/2021\/11\/body_inicio-300x218.jpg 300w, http:\/\/promtuslogistica.com\/wp-content\/uploads\/2021\/11\/body_inicio-1024x745.jpg 1024w, http:\/\/promtuslogistica.com\/wp-content\/uploads\/2021\/11\/body_inicio-768x559.jpg 768w, http:\/\/promtuslogistica.com\/wp-content\/uploads\/2021\/11\/body_inicio-1536x1118.jpg 1536w\" sizes=\"(max-width: 2048px) 100vw, 2048px\" \/>\t\t\t\t\t\t\t\t\t\t\t\t\t\t\t<\/div>\n\t\t\t\t<\/div>\n\t\t\t\t\t<\/div>\n\t\t<\/div>\n\t\t\t\t<div class=\"elementor-column elementor-col-50 elementor-inner-column elementor-element elementor-element-e652e7e\" data-id=\"e652e7e\" data-element_type=\"column\" data-settings=\"{&quot;background_background&quot;:&quot;classic&quot;}\">\n\t\t\t<div class=\"elementor-widget-wrap elementor-element-populated\">\n\t\t\t\t\t\t<div class=\"elementor-element elementor-element-b34390e elementor-widget elementor-widget-text-editor\" data-id=\"b34390e\" data-element_type=\"widget\" data-widget_type=\"text-editor.default\">\n\t\t\t\t<div class=\"elementor-widget-container\">\n\t\t\t\t\t\t\t\t\t<p>We are a company with more than 35 years of experience, establishing a merger between Promtus Logistica and Grupo Century reaching the solids like Century Export Group.<\/p><p>We are committed to answer the requirements of our clients and maintain their trust in our Company<\/p><p>We offer a fast and timely shipment of your merchandise, continuous monitoring of your shipments, immediate follow-up of your merchandise, personalized attention and competitive prices. We are always looking for new ways to exceed the expectations of our customers and provide them with an added value in our service; that why we carefully analyze each operation to find the best way to carry it out.<\/p><p>Oscar Saldivar Medina with great projection and experience as Certified Customs Agent is the person who represents this important Logistic group showing the strength and integration of the Professional team of human work that day by day makes our best performance for our Clients.<\/p>\t\t\t\t\t\t\t\t<\/div>\n\t\t\t\t<\/div>\n\t\t\t\t\t<\/div>\n\t\t<\/div>\n\t\t\t\t\t<\/div>\n\t\t<\/section>\n\t\t\t\t\t<\/div>\n\t\t<\/div>\n\t\t\t\t\t<\/div>\n\t\t<\/section>\n\t\t\t\t<section class=\"elementor-section elementor-top-section elementor-element elementor-element-42ab7fd elementor-section-boxed elementor-section-height-default elementor-section-height-default\" data-id=\"42ab7fd\" data-element_type=\"section\" data-settings=\"{&quot;background_background&quot;:&quot;classic&quot;}\">\n\t\t\t\t\t\t<div class=\"elementor-container elementor-column-gap-no\">\n\t\t\t\t\t<div class=\"elementor-column elementor-col-33 elementor-top-column elementor-element elementor-element-acc8eb3\" data-id=\"acc8eb3\" data-element_type=\"column\" data-settings=\"{&quot;background_background&quot;:&quot;classic&quot;}\">\n\t\t\t<div class=\"elementor-widget-wrap elementor-element-populated\">\n\t\t\t\t\t\t<div class=\"elementor-element elementor-element-d7009d5 elementor-widget elementor-widget-image\" data-id=\"d7009d5\" data-element_type=\"widget\" data-widget_type=\"image.default\">\n\t\t\t\t<div class=\"elementor-widget-container\">\n\t\t\t\t\t\t\t\t\t\t\t\t\t\t\t<img decoding=\"async\" width=\"820\" height=\"260\" src=\"http:\/\/promtuslogistica.com\/wp-content\/uploads\/2021\/11\/headerbox.jpg\" class=\"attachment-large size-large wp-image-90\" alt=\"\" srcset=\"http:\/\/promtuslogistica.com\/wp-content\/uploads\/2021\/11\/headerbox.jpg 820w, http:\/\/promtuslogistica.com\/wp-content\/uploads\/2021\/11\/headerbox-300x95.jpg 300w, http:\/\/promtuslogistica.com\/wp-content\/uploads\/2021\/11\/headerbox-768x244.jpg 768w\" sizes=\"(max-width: 820px) 100vw, 820px\" \/>\t\t\t\t\t\t\t\t\t\t\t\t\t\t\t<\/div>\n\t\t\t\t<\/div>\n\t\t\t\t<div class=\"elementor-element elementor-element-1e8529c elementor-widget elementor-widget-heading\" data-id=\"1e8529c\" data-element_type=\"widget\" data-widget_type=\"heading.default\">\n\t\t\t\t<div class=\"elementor-widget-container\">\n\t\t\t\t\t<h3 class=\"elementor-heading-title elementor-size-default\">MISSION<\/h3>\t\t\t\t<\/div>\n\t\t\t\t<\/div>\n\t\t\t\t<div class=\"elementor-element elementor-element-da77a96 elementor-widget elementor-widget-text-editor\" data-id=\"da77a96\" data-element_type=\"widget\" data-widget_type=\"text-editor.default\">\n\t\t\t\t<div class=\"elementor-widget-container\">\n\t\t\t\t\t\t\t\t\tBeing recognized for his leadership and quality of service provided to its clients involved in international trade operations\t\t\t\t\t\t\t\t<\/div>\n\t\t\t\t<\/div>\n\t\t\t\t<div class=\"elementor-element elementor-element-ec9ac7b elementor-widget elementor-widget-spacer\" data-id=\"ec9ac7b\" data-element_type=\"widget\" data-widget_type=\"spacer.default\">\n\t\t\t\t<div class=\"elementor-widget-container\">\n\t\t\t\t\t\t\t<div class=\"elementor-spacer\">\n\t\t\t<div class=\"elementor-spacer-inner\"><\/div>\n\t\t<\/div>\n\t\t\t\t\t\t<\/div>\n\t\t\t\t<\/div>\n\t\t\t\t<div class=\"elementor-element elementor-element-abb6af9 elementor-widget elementor-widget-spacer\" data-id=\"abb6af9\" data-element_type=\"widget\" data-widget_type=\"spacer.default\">\n\t\t\t\t<div class=\"elementor-widget-container\">\n\t\t\t\t\t\t\t<div class=\"elementor-spacer\">\n\t\t\t<div class=\"elementor-spacer-inner\"><\/div>\n\t\t<\/div>\n\t\t\t\t\t\t<\/div>\n\t\t\t\t<\/div>\n\t\t\t\t\t<\/div>\n\t\t<\/div>\n\t\t\t\t<div class=\"elementor-column elementor-col-33 elementor-top-column elementor-element elementor-element-2f43839\" data-id=\"2f43839\" data-element_type=\"column\" data-settings=\"{&quot;background_background&quot;:&quot;classic&quot;}\">\n\t\t\t<div class=\"elementor-widget-wrap elementor-element-populated\">\n\t\t\t\t\t\t<div class=\"elementor-element elementor-element-59b26b9 elementor-widget elementor-widget-image\" data-id=\"59b26b9\" data-element_type=\"widget\" data-widget_type=\"image.default\">\n\t\t\t\t<div class=\"elementor-widget-container\">\n\t\t\t\t\t\t\t\t\t\t\t\t\t\t\t<img decoding=\"async\" width=\"820\" height=\"260\" src=\"http:\/\/promtuslogistica.com\/wp-content\/uploads\/2021\/11\/headerbox.jpg\" class=\"attachment-large size-large wp-image-90\" alt=\"\" srcset=\"http:\/\/promtuslogistica.com\/wp-content\/uploads\/2021\/11\/headerbox.jpg 820w, http:\/\/promtuslogistica.com\/wp-content\/uploads\/2021\/11\/headerbox-300x95.jpg 300w, http:\/\/promtuslogistica.com\/wp-content\/uploads\/2021\/11\/headerbox-768x244.jpg 768w\" sizes=\"(max-width: 820px) 100vw, 820px\" \/>\t\t\t\t\t\t\t\t\t\t\t\t\t\t\t<\/div>\n\t\t\t\t<\/div>\n\t\t\t\t<div class=\"elementor-element elementor-element-e12b5f2 elementor-widget elementor-widget-heading\" data-id=\"e12b5f2\" data-element_type=\"widget\" data-widget_type=\"heading.default\">\n\t\t\t\t<div class=\"elementor-widget-container\">\n\t\t\t\t\t<h3 class=\"elementor-heading-title elementor-size-default\">VISION<\/h3>\t\t\t\t<\/div>\n\t\t\t\t<\/div>\n\t\t\t\t<div class=\"elementor-element elementor-element-316f3f1 elementor-widget elementor-widget-text-editor\" data-id=\"316f3f1\" data-element_type=\"widget\" data-widget_type=\"text-editor.default\">\n\t\t\t\t<div class=\"elementor-widget-container\">\n\t\t\t\t\t\t\t\t\tOur service is convenient and innovative. We continuously train to reach and maintain the highest level of customer satisfaction.\t\t\t\t\t\t\t\t<\/div>\n\t\t\t\t<\/div>\n\t\t\t\t<div class=\"elementor-element elementor-element-a4bb70e elementor-widget elementor-widget-spacer\" data-id=\"a4bb70e\" data-element_type=\"widget\" data-widget_type=\"spacer.default\">\n\t\t\t\t<div class=\"elementor-widget-container\">\n\t\t\t\t\t\t\t<div class=\"elementor-spacer\">\n\t\t\t<div class=\"elementor-spacer-inner\"><\/div>\n\t\t<\/div>\n\t\t\t\t\t\t<\/div>\n\t\t\t\t<\/div>\n\t\t\t\t<div class=\"elementor-element elementor-element-b18f4a4 elementor-widget elementor-widget-spacer\" data-id=\"b18f4a4\" data-element_type=\"widget\" data-widget_type=\"spacer.default\">\n\t\t\t\t<div class=\"elementor-widget-container\">\n\t\t\t\t\t\t\t<div class=\"elementor-spacer\">\n\t\t\t<div class=\"elementor-spacer-inner\"><\/div>\n\t\t<\/div>\n\t\t\t\t\t\t<\/div>\n\t\t\t\t<\/div>\n\t\t\t\t\t<\/div>\n\t\t<\/div>\n\t\t\t\t<div class=\"elementor-column elementor-col-33 elementor-top-column elementor-element elementor-element-9d5c2d6\" data-id=\"9d5c2d6\" data-element_type=\"column\" data-settings=\"{&quot;background_background&quot;:&quot;classic&quot;}\">\n\t\t\t<div class=\"elementor-widget-wrap elementor-element-populated\">\n\t\t\t\t\t\t<div class=\"elementor-element elementor-element-9232512 elementor-widget elementor-widget-image\" data-id=\"9232512\" data-element_type=\"widget\" data-widget_type=\"image.default\">\n\t\t\t\t<div class=\"elementor-widget-container\">\n\t\t\t\t\t\t\t\t\t\t\t\t\t\t\t<img decoding=\"async\" width=\"820\" height=\"260\" src=\"http:\/\/promtuslogistica.com\/wp-content\/uploads\/2021\/11\/headerbox.jpg\" class=\"attachment-large size-large wp-image-90\" alt=\"\" srcset=\"http:\/\/promtuslogistica.com\/wp-content\/uploads\/2021\/11\/headerbox.jpg 820w, http:\/\/promtuslogistica.com\/wp-content\/uploads\/2021\/11\/headerbox-300x95.jpg 300w, http:\/\/promtuslogistica.com\/wp-content\/uploads\/2021\/11\/headerbox-768x244.jpg 768w\" sizes=\"(max-width: 820px) 100vw, 820px\" \/>\t\t\t\t\t\t\t\t\t\t\t\t\t\t\t<\/div>\n\t\t\t\t<\/div>\n\t\t\t\t<div class=\"elementor-element elementor-element-e8a009c elementor-widget elementor-widget-heading\" data-id=\"e8a009c\" data-element_type=\"widget\" data-widget_type=\"heading.default\">\n\t\t\t\t<div class=\"elementor-widget-container\">\n\t\t\t\t\t<h3 class=\"elementor-heading-title elementor-size-default\">QUALITY POLICY<\/h3>\t\t\t\t<\/div>\n\t\t\t\t<\/div>\n\t\t\t\t<div class=\"elementor-element elementor-element-839e27f elementor-widget elementor-widget-text-editor\" data-id=\"839e27f\" data-element_type=\"widget\" data-widget_type=\"text-editor.default\">\n\t\t\t\t<div class=\"elementor-widget-container\">\n\t\t\t\t\t\t\t\t\tProvide a service that meets the highest expectations of our customers based on the highest standards of quality.\t\t\t\t\t\t\t\t<\/div>\n\t\t\t\t<\/div>\n\t\t\t\t<div class=\"elementor-element elementor-element-a40f0f9 elementor-widget elementor-widget-spacer\" data-id=\"a40f0f9\" data-element_type=\"widget\" data-widget_type=\"spacer.default\">\n\t\t\t\t<div class=\"elementor-widget-container\">\n\t\t\t\t\t\t\t<div class=\"elementor-spacer\">\n\t\t\t<div class=\"elementor-spacer-inner\"><\/div>\n\t\t<\/div>\n\t\t\t\t\t\t<\/div>\n\t\t\t\t<\/div>\n\t\t\t\t<div class=\"elementor-element elementor-element-9b5f2f7 elementor-widget elementor-widget-spacer\" data-id=\"9b5f2f7\" data-element_type=\"widget\" data-widget_type=\"spacer.default\">\n\t\t\t\t<div class=\"elementor-widget-container\">\n\t\t\t\t\t\t\t<div class=\"elementor-spacer\">\n\t\t\t<div class=\"elementor-spacer-inner\"><\/div>\n\t\t<\/div>\n\t\t\t\t\t\t<\/div>\n\t\t\t\t<\/div>\n\t\t\t\t\t<\/div>\n\t\t<\/div>\n\t\t\t\t\t<\/div>\n\t\t<\/section>\n\t\t\t\t<\/div>","protected":false},"excerpt":{"rendered":"<p>Acerca de nosotros Somos una empresa con m\u00e1s de 35 a\u00f1os de experiencia, fusionando Promtus Logistica y Grupo Century logrando con ello la solides del grupo Century Export. Estamos comprometidos a responder a las necesidades de nuestros clientes y mantener su confianza en nosotros. Ofrecemos un expedici\u00f3n r\u00e1pida y oportuna de sus mercanc\u00edas, monitoreo continuo&hellip;&nbsp;<a href=\"http:\/\/promtuslogistica.com\/en\/home\/\" rel=\"bookmark\">Read More &raquo;<span class=\"screen-reader-text\">Home<\/span><\/a><\/p>","protected":false},"author":1,"featured_media":0,"parent":0,"menu_order":0,"comment_status":"closed","ping_status":"closed","template":"elementor_header_footer","meta":{"neve_meta_sidebar":"","neve_meta_container":"","neve_meta_enable_content_width":"","neve_meta_content_width":0,"neve_meta_title_alignment":"","neve_meta_author_avatar":"","neve_post_elements_order":"","neve_meta_disable_header":"","neve_meta_disable_footer":"","neve_meta_disable_title":"","footnotes":""},"class_list":["post-47","page","type-page","status-publish","hentry"],"_links":{"self":[{"href":"http:\/\/promtuslogistica.com\/en\/wp-json\/wp\/v2\/pages\/47","targetHints":{"allow":["GET"]}}],"collection":[{"href":"http:\/\/promtuslogistica.com\/en\/wp-json\/wp\/v2\/pages"}],"about":[{"href":"http:\/\/promtuslogistica.com\/en\/wp-json\/wp\/v2\/types\/page"}],"author":[{"embeddable":true,"href":"http:\/\/promtuslogistica.com\/en\/wp-json\/wp\/v2\/users\/1"}],"replies":[{"embeddable":true,"href":"http:\/\/promtuslogistica.com\/en\/wp-json\/wp\/v2\/comments?post=47"}],"version-history":[{"count":77,"href":"http:\/\/promtuslogistica.com\/en\/wp-json\/wp\/v2\/pages\/47\/revisions"}],"predecessor-version":[{"id":362,"href":"http:\/\/promtuslogistica.com\/en\/wp-json\/wp\/v2\/pages\/47\/revisions\/362"}],"wp:attachment":[{"href":"http:\/\/promtuslogistica.com\/en\/wp-json\/wp\/v2\/media?parent=47"}],"curies":[{"name":"wp","href":"https:\/\/api.w.org\/{rel}","templated":true}]}}