{"id":182,"date":"2021-12-06T16:38:11","date_gmt":"2021-12-06T16:38:11","guid":{"rendered":"http:\/\/promtuslogistica.com\/?page_id=182"},"modified":"2021-12-06T19:33:25","modified_gmt":"2021-12-06T19:33:25","slug":"servicios","status":"publish","type":"page","link":"http:\/\/promtuslogistica.com\/en\/servicios\/","title":{"rendered":"Services"},"content":{"rendered":"<div data-elementor-type=\"wp-page\" data-elementor-id=\"182\" class=\"elementor elementor-182\">\n\t\t\t\t\t\t<section class=\"elementor-section elementor-top-section elementor-element elementor-element-22e17444 elementor-section-boxed elementor-section-height-default elementor-section-height-default\" data-id=\"22e17444\" data-element_type=\"section\">\n\t\t\t\t\t\t<div class=\"elementor-container elementor-column-gap-no\">\n\t\t\t\t\t<div class=\"elementor-column elementor-col-100 elementor-top-column elementor-element elementor-element-1c3e90c0\" data-id=\"1c3e90c0\" data-element_type=\"column\">\n\t\t\t<div class=\"elementor-widget-wrap elementor-element-populated\">\n\t\t\t\t\t\t\t<\/div>\n\t\t<\/div>\n\t\t\t\t\t<\/div>\n\t\t<\/section>\n\t\t\t\t<section class=\"elementor-section elementor-top-section elementor-element elementor-element-3d4088c elementor-section-boxed elementor-section-height-default elementor-section-height-default\" data-id=\"3d4088c\" data-element_type=\"section\" data-settings=\"{&quot;background_background&quot;:&quot;classic&quot;}\">\n\t\t\t\t\t\t<div class=\"elementor-container elementor-column-gap-default\">\n\t\t\t\t\t<div class=\"elementor-column elementor-col-100 elementor-top-column elementor-element elementor-element-3ac3d3c\" data-id=\"3ac3d3c\" data-element_type=\"column\" data-settings=\"{&quot;background_background&quot;:&quot;classic&quot;}\">\n\t\t\t<div class=\"elementor-widget-wrap elementor-element-populated\">\n\t\t\t\t\t\t<div class=\"elementor-element elementor-element-0a1289b elementor-widget elementor-widget-image\" data-id=\"0a1289b\" data-element_type=\"widget\" data-widget_type=\"image.default\">\n\t\t\t\t<div class=\"elementor-widget-container\">\n\t\t\t\t\t\t\t\t\t\t\t\t\t\t\t<img fetchpriority=\"high\" decoding=\"async\" width=\"1500\" height=\"114\" src=\"http:\/\/promtuslogistica.com\/wp-content\/uploads\/2021\/12\/body_serviciosv2.jpg\" class=\"attachment-full size-full wp-image-218\" alt=\"\" srcset=\"http:\/\/promtuslogistica.com\/wp-content\/uploads\/2021\/12\/body_serviciosv2.jpg 1500w, http:\/\/promtuslogistica.com\/wp-content\/uploads\/2021\/12\/body_serviciosv2-300x23.jpg 300w, http:\/\/promtuslogistica.com\/wp-content\/uploads\/2021\/12\/body_serviciosv2-1024x78.jpg 1024w, http:\/\/promtuslogistica.com\/wp-content\/uploads\/2021\/12\/body_serviciosv2-768x58.jpg 768w\" sizes=\"(max-width: 1500px) 100vw, 1500px\" \/>\t\t\t\t\t\t\t\t\t\t\t\t\t\t\t<\/div>\n\t\t\t\t<\/div>\n\t\t\t\t<div class=\"elementor-element elementor-element-c0ea918 elementor-widget elementor-widget-heading\" data-id=\"c0ea918\" data-element_type=\"widget\" data-widget_type=\"heading.default\">\n\t\t\t\t<div class=\"elementor-widget-container\">\n\t\t\t\t\t<h3 class=\"elementor-heading-title elementor-size-default\">Our Services<\/h3>\t\t\t\t<\/div>\n\t\t\t\t<\/div>\n\t\t\t\t<section class=\"elementor-section elementor-inner-section elementor-element elementor-element-482f68c elementor-section-boxed elementor-section-height-default elementor-section-height-default\" data-id=\"482f68c\" data-element_type=\"section\" data-settings=\"{&quot;background_background&quot;:&quot;classic&quot;}\">\n\t\t\t\t\t\t<div class=\"elementor-container elementor-column-gap-default\">\n\t\t\t\t\t<div class=\"elementor-column elementor-col-50 elementor-inner-column elementor-element elementor-element-ae687b4\" data-id=\"ae687b4\" data-element_type=\"column\">\n\t\t\t<div class=\"elementor-widget-wrap elementor-element-populated\">\n\t\t\t\t\t\t<div class=\"elementor-element elementor-element-c96a347 elementor-widget elementor-widget-heading\" data-id=\"c96a347\" data-element_type=\"widget\" data-widget_type=\"heading.default\">\n\t\t\t\t<div class=\"elementor-widget-container\">\n\t\t\t\t\t<h3 class=\"elementor-heading-title elementor-size-default\">Logistics and Transport<\/h3>\t\t\t\t<\/div>\n\t\t\t\t<\/div>\n\t\t\t\t<div class=\"elementor-element elementor-element-7a7c8ba elementor-widget elementor-widget-text-editor\" data-id=\"7a7c8ba\" data-element_type=\"widget\" data-widget_type=\"text-editor.default\">\n\t\t\t\t<div class=\"elementor-widget-container\">\n\t\t\t\t\t\t\t\t\tWe transport companies appropriate to the needs and requirements of each and every one of our customers.\nServices Door to Door ground transportation in Canada, United States and Mexico.\t\t\t\t\t\t\t\t<\/div>\n\t\t\t\t<\/div>\n\t\t\t\t\t<\/div>\n\t\t<\/div>\n\t\t\t\t<div class=\"elementor-column elementor-col-50 elementor-inner-column elementor-element elementor-element-0e6dadd\" data-id=\"0e6dadd\" data-element_type=\"column\">\n\t\t\t<div class=\"elementor-widget-wrap elementor-element-populated\">\n\t\t\t\t\t\t<div class=\"elementor-element elementor-element-83e41f3 elementor-widget elementor-widget-heading\" data-id=\"83e41f3\" data-element_type=\"widget\" data-widget_type=\"heading.default\">\n\t\t\t\t<div class=\"elementor-widget-container\">\n\t\t\t\t\t<h3 class=\"elementor-heading-title elementor-size-default\">Distribution and Warehousing<\/h3>\t\t\t\t<\/div>\n\t\t\t\t<\/div>\n\t\t\t\t<div class=\"elementor-element elementor-element-21bc098 elementor-widget elementor-widget-text-editor\" data-id=\"21bc098\" data-element_type=\"widget\" data-widget_type=\"text-editor.default\">\n\t\t\t\t<div class=\"elementor-widget-container\">\n\t\t\t\t\t\t\t\t\tWe include within our Commodity Distribution services as per your requirements. It has all the resources and infrastructure necessary to develop this important function within the range of logistics services offered by Promtus Logistics.\t\t\t\t\t\t\t\t<\/div>\n\t\t\t\t<\/div>\n\t\t\t\t\t<\/div>\n\t\t<\/div>\n\t\t\t\t\t<\/div>\n\t\t<\/section>\n\t\t\t\t<section class=\"elementor-section elementor-inner-section elementor-element elementor-element-9c733e3 elementor-section-boxed elementor-section-height-default elementor-section-height-default\" data-id=\"9c733e3\" data-element_type=\"section\">\n\t\t\t\t\t\t<div class=\"elementor-container elementor-column-gap-default\">\n\t\t\t\t\t<div class=\"elementor-column elementor-col-50 elementor-inner-column elementor-element elementor-element-e0129fa\" data-id=\"e0129fa\" data-element_type=\"column\">\n\t\t\t<div class=\"elementor-widget-wrap elementor-element-populated\">\n\t\t\t\t\t\t<div class=\"elementor-element elementor-element-e668b13 elementor-widget elementor-widget-heading\" data-id=\"e668b13\" data-element_type=\"widget\" data-widget_type=\"heading.default\">\n\t\t\t\t<div class=\"elementor-widget-container\">\n\t\t\t\t\t<h3 class=\"elementor-heading-title elementor-size-default\">Cargo Consolidation<\/h3>\t\t\t\t<\/div>\n\t\t\t\t<\/div>\n\t\t\t\t<div class=\"elementor-element elementor-element-c0e5998 elementor-widget elementor-widget-text-editor\" data-id=\"c0e5998\" data-element_type=\"widget\" data-widget_type=\"text-editor.default\">\n\t\t\t\t<div class=\"elementor-widget-container\">\n\t\t\t\t\t\t\t\t\tIn the logistics functions we perform, we offer our services consolidation and forwarding of your goods, allowing our users to focus their efforts on other tasks.\t\t\t\t\t\t\t\t<\/div>\n\t\t\t\t<\/div>\n\t\t\t\t\t<\/div>\n\t\t<\/div>\n\t\t\t\t<div class=\"elementor-column elementor-col-50 elementor-inner-column elementor-element elementor-element-f0e9e1a\" data-id=\"f0e9e1a\" data-element_type=\"column\">\n\t\t\t<div class=\"elementor-widget-wrap elementor-element-populated\">\n\t\t\t\t\t\t<div class=\"elementor-element elementor-element-c2db78a elementor-widget elementor-widget-heading\" data-id=\"c2db78a\" data-element_type=\"widget\" data-widget_type=\"heading.default\">\n\t\t\t\t<div class=\"elementor-widget-container\">\n\t\t\t\t\t<h3 class=\"elementor-heading-title elementor-size-default\">Goods and Documents Preparation<\/h3>\t\t\t\t<\/div>\n\t\t\t\t<\/div>\n\t\t\t\t<div class=\"elementor-element elementor-element-b785109 elementor-widget elementor-widget-text-editor\" data-id=\"b785109\" data-element_type=\"widget\" data-widget_type=\"text-editor.default\">\n\t\t\t\t<div class=\"elementor-widget-container\">\n\t\t\t\t\t\t\t\t\tThe perform a physical examination of the goods, with a concept of high professionalism, allows us to produce the documents need to be provided to perform the customs formalities, complying with all legal requirements, always looking to streamline their operations.\t\t\t\t\t\t\t\t<\/div>\n\t\t\t\t<\/div>\n\t\t\t\t\t<\/div>\n\t\t<\/div>\n\t\t\t\t\t<\/div>\n\t\t<\/section>\n\t\t\t\t<section class=\"elementor-section elementor-inner-section elementor-element elementor-element-aad579e elementor-section-boxed elementor-section-height-default elementor-section-height-default\" data-id=\"aad579e\" data-element_type=\"section\">\n\t\t\t\t\t\t<div class=\"elementor-container elementor-column-gap-default\">\n\t\t\t\t\t<div class=\"elementor-column elementor-col-50 elementor-inner-column elementor-element elementor-element-3d8675f\" data-id=\"3d8675f\" data-element_type=\"column\">\n\t\t\t<div class=\"elementor-widget-wrap elementor-element-populated\">\n\t\t\t\t\t\t<div class=\"elementor-element elementor-element-a950f27 elementor-widget elementor-widget-heading\" data-id=\"a950f27\" data-element_type=\"widget\" data-widget_type=\"heading.default\">\n\t\t\t\t<div class=\"elementor-widget-container\">\n\t\t\t\t\t<h3 class=\"elementor-heading-title elementor-size-default\">Customs Agency<\/h3>\t\t\t\t<\/div>\n\t\t\t\t<\/div>\n\t\t\t\t<div class=\"elementor-element elementor-element-fd0a8ec elementor-position-left elementor-vertical-align-top elementor-widget elementor-widget-image-box\" data-id=\"fd0a8ec\" data-element_type=\"widget\" data-widget_type=\"image-box.default\">\n\t\t\t\t<div class=\"elementor-widget-container\">\n\t\t\t\t\t<div class=\"elementor-image-box-wrapper\"><figure class=\"elementor-image-box-img\"><img decoding=\"async\" width=\"3300\" height=\"2550\" src=\"http:\/\/promtuslogistica.com\/wp-content\/uploads\/2021\/12\/Logotipo-Oscar-Saldivar-Agente-Aduanal.png\" class=\"attachment-full size-full wp-image-198\" alt=\"\" srcset=\"http:\/\/promtuslogistica.com\/wp-content\/uploads\/2021\/12\/Logotipo-Oscar-Saldivar-Agente-Aduanal.png 3300w, http:\/\/promtuslogistica.com\/wp-content\/uploads\/2021\/12\/Logotipo-Oscar-Saldivar-Agente-Aduanal-300x232.png 300w, http:\/\/promtuslogistica.com\/wp-content\/uploads\/2021\/12\/Logotipo-Oscar-Saldivar-Agente-Aduanal-1024x791.png 1024w, http:\/\/promtuslogistica.com\/wp-content\/uploads\/2021\/12\/Logotipo-Oscar-Saldivar-Agente-Aduanal-768x593.png 768w, http:\/\/promtuslogistica.com\/wp-content\/uploads\/2021\/12\/Logotipo-Oscar-Saldivar-Agente-Aduanal-1536x1187.png 1536w, http:\/\/promtuslogistica.com\/wp-content\/uploads\/2021\/12\/Logotipo-Oscar-Saldivar-Agente-Aduanal-2048x1583.png 2048w\" sizes=\"(max-width: 3300px) 100vw, 3300px\" \/><\/figure><div class=\"elementor-image-box-content\"><p class=\"elementor-image-box-description\">Our role is to fulfill all the requirements legally marking the Customs Law of Mexico, with its corresponding regulations and the requirements and comparable observations of International Law. We are supported by an efficient infrastructure and using new technology in communication and computing systems.<\/p><\/div><\/div>\t\t\t\t<\/div>\n\t\t\t\t<\/div>\n\t\t\t\t\t<\/div>\n\t\t<\/div>\n\t\t\t\t<div class=\"elementor-column elementor-col-50 elementor-inner-column elementor-element elementor-element-cffbdb9\" data-id=\"cffbdb9\" data-element_type=\"column\">\n\t\t\t<div class=\"elementor-widget-wrap elementor-element-populated\">\n\t\t\t\t\t\t<div class=\"elementor-element elementor-element-db4e237 elementor-widget elementor-widget-heading\" data-id=\"db4e237\" data-element_type=\"widget\" data-widget_type=\"heading.default\">\n\t\t\t\t<div class=\"elementor-widget-container\">\n\t\t\t\t\t<h3 class=\"elementor-heading-title elementor-size-default\">International Crossings<\/h3>\t\t\t\t<\/div>\n\t\t\t\t<\/div>\n\t\t\t\t<div class=\"elementor-element elementor-element-4317b6a elementor-widget elementor-widget-text-editor\" data-id=\"4317b6a\" data-element_type=\"widget\" data-widget_type=\"text-editor.default\">\n\t\t\t\t<div class=\"elementor-widget-container\">\n\t\t\t\t\t\t\t\t\tDragging border boxes in one way or another, has always been a very careful look at the coordination work that you must perform. Being able to react promptly to the traffic conditions and the best results of time is due to the commitment of our people and advanced communication systems are there PROMTUS Logistica.\t\t\t\t\t\t\t\t<\/div>\n\t\t\t\t<\/div>\n\t\t\t\t\t<\/div>\n\t\t<\/div>\n\t\t\t\t\t<\/div>\n\t\t<\/section>\n\t\t\t\t<section class=\"elementor-section elementor-inner-section elementor-element elementor-element-bd40155 elementor-section-boxed elementor-section-height-default elementor-section-height-default\" data-id=\"bd40155\" data-element_type=\"section\">\n\t\t\t\t\t\t<div class=\"elementor-container elementor-column-gap-default\">\n\t\t\t\t\t<div class=\"elementor-column elementor-col-100 elementor-inner-column elementor-element elementor-element-07d8c6f\" data-id=\"07d8c6f\" data-element_type=\"column\">\n\t\t\t<div class=\"elementor-widget-wrap elementor-element-populated\">\n\t\t\t\t\t\t<div class=\"elementor-element elementor-element-8f2ecdd elementor-widget elementor-widget-heading\" data-id=\"8f2ecdd\" data-element_type=\"widget\" data-widget_type=\"heading.default\">\n\t\t\t\t<div class=\"elementor-widget-container\">\n\t\t\t\t\t<h3 class=\"elementor-heading-title elementor-size-default\">Loading and Unloading Operations<\/h3>\t\t\t\t<\/div>\n\t\t\t\t<\/div>\n\t\t\t\t<div class=\"elementor-element elementor-element-50acf28 elementor-widget elementor-widget-text-editor\" data-id=\"50acf28\" data-element_type=\"widget\" data-widget_type=\"text-editor.default\">\n\t\t\t\t<div class=\"elementor-widget-container\">\n\t\t\t\t\t\t\t\t\tWe handle your goods following the procedures and using the most advanced resources. Our staff specially trained for these tasks, ensures perfect handling and the status of their shipments.\t\t\t\t\t\t\t\t<\/div>\n\t\t\t\t<\/div>\n\t\t\t\t\t<\/div>\n\t\t<\/div>\n\t\t\t\t\t<\/div>\n\t\t<\/section>\n\t\t\t\t\t<\/div>\n\t\t<\/div>\n\t\t\t\t\t<\/div>\n\t\t<\/section>\n\t\t\t\t<\/div>","protected":false},"excerpt":{"rendered":"<p>Nuestros Servicios Log\u00edstica y Transporte Contamos con las empresas de transporte adecuadas a las necesidades y requerimientos de todos y cada uno de nuestros clientes. Servicios de transporte terrestre Puerta-Puerta de Canad\u00e1, Estados Unidos y M\u00e9xico Distribuci\u00f3n y Almacenaje Incluimos dentro de nuestros servicios la Distribuci\u00f3n de Mercanc\u00edas seg\u00fan sus requerimientos. Se cuenta con todos&hellip;&nbsp;<a href=\"http:\/\/promtuslogistica.com\/en\/servicios\/\" rel=\"bookmark\">Read More &raquo;<span class=\"screen-reader-text\">Services<\/span><\/a><\/p>","protected":false},"author":1,"featured_media":0,"parent":0,"menu_order":0,"comment_status":"closed","ping_status":"closed","template":"elementor_header_footer","meta":{"neve_meta_sidebar":"","neve_meta_container":"","neve_meta_enable_content_width":"","neve_meta_content_width":0,"neve_meta_title_alignment":"","neve_meta_author_avatar":"","neve_post_elements_order":"","neve_meta_disable_header":"","neve_meta_disable_footer":"","neve_meta_disable_title":"","footnotes":""},"class_list":["post-182","page","type-page","status-publish","hentry"],"_links":{"self":[{"href":"http:\/\/promtuslogistica.com\/en\/wp-json\/wp\/v2\/pages\/182","targetHints":{"allow":["GET"]}}],"collection":[{"href":"http:\/\/promtuslogistica.com\/en\/wp-json\/wp\/v2\/pages"}],"about":[{"href":"http:\/\/promtuslogistica.com\/en\/wp-json\/wp\/v2\/types\/page"}],"author":[{"embeddable":true,"href":"http:\/\/promtuslogistica.com\/en\/wp-json\/wp\/v2\/users\/1"}],"replies":[{"embeddable":true,"href":"http:\/\/promtuslogistica.com\/en\/wp-json\/wp\/v2\/comments?post=182"}],"version-history":[{"count":35,"href":"http:\/\/promtuslogistica.com\/en\/wp-json\/wp\/v2\/pages\/182\/revisions"}],"predecessor-version":[{"id":368,"href":"http:\/\/promtuslogistica.com\/en\/wp-json\/wp\/v2\/pages\/182\/revisions\/368"}],"wp:attachment":[{"href":"http:\/\/promtuslogistica.com\/en\/wp-json\/wp\/v2\/media?parent=182"}],"curies":[{"name":"wp","href":"https:\/\/api.w.org\/{rel}","templated":true}]}}