{"id":138,"date":"2021-11-29T21:31:43","date_gmt":"2021-11-29T21:31:43","guid":{"rendered":"http:\/\/promtuslogistica.com\/?page_id=138"},"modified":"2021-12-06T19:32:32","modified_gmt":"2021-12-06T19:32:32","slug":"nuestra-empresa","status":"publish","type":"page","link":"http:\/\/promtuslogistica.com\/en\/nuestra-empresa\/","title":{"rendered":"Our Company"},"content":{"rendered":"<div data-elementor-type=\"wp-page\" data-elementor-id=\"138\" class=\"elementor elementor-138\">\n\t\t\t\t\t\t<section class=\"elementor-section elementor-top-section elementor-element elementor-element-249bd3b8 elementor-section-boxed elementor-section-height-default elementor-section-height-default\" data-id=\"249bd3b8\" data-element_type=\"section\">\n\t\t\t\t\t\t<div class=\"elementor-container elementor-column-gap-no\">\n\t\t\t\t\t<div class=\"elementor-column elementor-col-100 elementor-top-column elementor-element elementor-element-5b168094\" data-id=\"5b168094\" data-element_type=\"column\">\n\t\t\t<div class=\"elementor-widget-wrap elementor-element-populated\">\n\t\t\t\t\t\t\t<\/div>\n\t\t<\/div>\n\t\t\t\t\t<\/div>\n\t\t<\/section>\n\t\t\t\t<section class=\"elementor-section elementor-top-section elementor-element elementor-element-def23d3 elementor-section-boxed elementor-section-height-default elementor-section-height-default\" data-id=\"def23d3\" data-element_type=\"section\">\n\t\t\t\t\t\t<div class=\"elementor-container elementor-column-gap-no\">\n\t\t\t\t\t<div class=\"elementor-column elementor-col-33 elementor-top-column elementor-element elementor-element-455a608\" data-id=\"455a608\" data-element_type=\"column\">\n\t\t\t<div class=\"elementor-widget-wrap elementor-element-populated\">\n\t\t\t\t\t\t<div class=\"elementor-element elementor-element-9c542ea elementor-widget elementor-widget-image\" data-id=\"9c542ea\" data-element_type=\"widget\" data-widget_type=\"image.default\">\n\t\t\t\t<div class=\"elementor-widget-container\">\n\t\t\t\t\t\t\t\t\t\t\t\t\t\t\t<img fetchpriority=\"high\" decoding=\"async\" width=\"464\" height=\"1024\" src=\"http:\/\/promtuslogistica.com\/wp-content\/uploads\/2021\/12\/body_empresa_EN.png\" class=\"attachment-large size-large wp-image-154\" alt=\"\" srcset=\"http:\/\/promtuslogistica.com\/wp-content\/uploads\/2021\/12\/body_empresa_EN.png 680w, http:\/\/promtuslogistica.com\/wp-content\/uploads\/2021\/12\/body_empresa_EN-136x300.png 136w, http:\/\/promtuslogistica.com\/wp-content\/uploads\/2021\/12\/body_empresa_EN-464x1024.png 464w, http:\/\/promtuslogistica.com\/wp-content\/uploads\/2021\/12\/body_empresa_EN-5x12.png 5w\" sizes=\"(max-width: 464px) 100vw, 464px\" \/>\t\t\t\t\t\t\t\t\t\t\t\t\t\t\t<\/div>\n\t\t\t\t<\/div>\n\t\t\t\t\t<\/div>\n\t\t<\/div>\n\t\t\t\t<div class=\"elementor-column elementor-col-66 elementor-top-column elementor-element elementor-element-2b0b076\" data-id=\"2b0b076\" data-element_type=\"column\" data-settings=\"{&quot;background_background&quot;:&quot;classic&quot;}\">\n\t\t\t<div class=\"elementor-widget-wrap elementor-element-populated\">\n\t\t\t\t\t\t<div class=\"elementor-element elementor-element-c89ead4 elementor-widget elementor-widget-text-editor\" data-id=\"c89ead4\" data-element_type=\"widget\" data-widget_type=\"text-editor.default\">\n\t\t\t\t<div class=\"elementor-widget-container\">\n\t\t\t\t\t\t\t\t\tCentury Promtus Export and Logistics Co. LLC is a company that is on the market for more than 45 years, Mr. Humberto Garza was Saldivar who formed this company specializes in its infancy in the import and export of leather products from beef, pork , horse, among others.\nAround curtidura of Mexico industry derive many products which are actively involved in their handling of import, such as Machinery for Footwear, chemicals for the tanning of leather, finished leather from around the world to develop clothing and footwear, garments for the automotive industry, plastic processing and plastic soles for footwear components as well as a variety of related products.\nWe mainly export finished footwear, raw and semi-finished leather to mention some products that our company initiated operations.\nNow do all kinds of handling import and export of all kinds of materials, pawning the very best of our efforts to develop customized for quickness and good service with each of the assignments entrusted to us.\nThe growth of global trade has forced us to stay well ahead of the needs of an increasingly demanding market of good service and good price, that's the reason why we have remained in the market with a portfolio of very old clients and adding new clients to our list of importers and exporters.\nOur main office is undoubtedly the Nuevo Laredo, but we have strategic alliances with commercial partner in most of Mexico's customs, to try to cover all the needs of our customers.\t\t\t\t\t\t\t\t<\/div>\n\t\t\t\t<\/div>\n\t\t\t\t\t<\/div>\n\t\t<\/div>\n\t\t\t\t\t<\/div>\n\t\t<\/section>\n\t\t\t\t<section class=\"elementor-section elementor-top-section elementor-element elementor-element-941bcce elementor-section-boxed elementor-section-height-default elementor-section-height-default\" data-id=\"941bcce\" data-element_type=\"section\">\n\t\t\t\t\t\t<div class=\"elementor-container elementor-column-gap-default\">\n\t\t\t\t\t<div class=\"elementor-column elementor-col-100 elementor-top-column elementor-element elementor-element-276b77c\" data-id=\"276b77c\" data-element_type=\"column\">\n\t\t\t<div class=\"elementor-widget-wrap elementor-element-populated\">\n\t\t\t\t\t\t<section class=\"elementor-section elementor-inner-section elementor-element elementor-element-285c7f3 elementor-section-boxed elementor-section-height-default elementor-section-height-default\" data-id=\"285c7f3\" data-element_type=\"section\">\n\t\t\t\t\t\t<div class=\"elementor-container elementor-column-gap-default\">\n\t\t\t\t\t<div class=\"elementor-column elementor-col-20 elementor-inner-column elementor-element elementor-element-7dac96e\" data-id=\"7dac96e\" data-element_type=\"column\">\n\t\t\t<div class=\"elementor-widget-wrap elementor-element-populated\">\n\t\t\t\t\t\t<div class=\"elementor-element elementor-element-be7d462 elementor-widget elementor-widget-image\" data-id=\"be7d462\" data-element_type=\"widget\" data-widget_type=\"image.default\">\n\t\t\t\t<div class=\"elementor-widget-container\">\n\t\t\t\t\t\t\t\t\t\t\t\t\t\t\t<img decoding=\"async\" width=\"181\" height=\"181\" src=\"http:\/\/promtuslogistica.com\/wp-content\/uploads\/2021\/11\/1.png\" class=\"attachment-full size-full wp-image-158\" alt=\"\" srcset=\"http:\/\/promtuslogistica.com\/wp-content\/uploads\/2021\/11\/1.png 181w, http:\/\/promtuslogistica.com\/wp-content\/uploads\/2021\/11\/1-150x150.png 150w\" sizes=\"(max-width: 181px) 100vw, 181px\" \/>\t\t\t\t\t\t\t\t\t\t\t\t\t\t\t<\/div>\n\t\t\t\t<\/div>\n\t\t\t\t\t<\/div>\n\t\t<\/div>\n\t\t\t\t<div class=\"elementor-column elementor-col-20 elementor-inner-column elementor-element elementor-element-6d91824\" data-id=\"6d91824\" data-element_type=\"column\">\n\t\t\t<div class=\"elementor-widget-wrap elementor-element-populated\">\n\t\t\t\t\t\t<div class=\"elementor-element elementor-element-9193af4 elementor-widget elementor-widget-image\" data-id=\"9193af4\" data-element_type=\"widget\" data-widget_type=\"image.default\">\n\t\t\t\t<div class=\"elementor-widget-container\">\n\t\t\t\t\t\t\t\t\t\t\t\t\t\t\t<img decoding=\"async\" width=\"181\" height=\"181\" src=\"http:\/\/promtuslogistica.com\/wp-content\/uploads\/2021\/11\/2.png\" class=\"attachment-full size-full wp-image-165\" alt=\"\" srcset=\"http:\/\/promtuslogistica.com\/wp-content\/uploads\/2021\/11\/2.png 181w, http:\/\/promtuslogistica.com\/wp-content\/uploads\/2021\/11\/2-150x150.png 150w\" sizes=\"(max-width: 181px) 100vw, 181px\" \/>\t\t\t\t\t\t\t\t\t\t\t\t\t\t\t<\/div>\n\t\t\t\t<\/div>\n\t\t\t\t\t<\/div>\n\t\t<\/div>\n\t\t\t\t<div class=\"elementor-column elementor-col-20 elementor-inner-column elementor-element elementor-element-8e022d1\" data-id=\"8e022d1\" data-element_type=\"column\">\n\t\t\t<div class=\"elementor-widget-wrap elementor-element-populated\">\n\t\t\t\t\t\t<div class=\"elementor-element elementor-element-28cfc5a elementor-widget elementor-widget-image\" data-id=\"28cfc5a\" data-element_type=\"widget\" data-widget_type=\"image.default\">\n\t\t\t\t<div class=\"elementor-widget-container\">\n\t\t\t\t\t\t\t\t\t\t\t\t\t\t\t<img loading=\"lazy\" decoding=\"async\" width=\"181\" height=\"181\" src=\"http:\/\/promtuslogistica.com\/wp-content\/uploads\/2021\/11\/3.png\" class=\"attachment-full size-full wp-image-166\" alt=\"\" srcset=\"http:\/\/promtuslogistica.com\/wp-content\/uploads\/2021\/11\/3.png 181w, http:\/\/promtuslogistica.com\/wp-content\/uploads\/2021\/11\/3-150x150.png 150w\" sizes=\"(max-width: 181px) 100vw, 181px\" \/>\t\t\t\t\t\t\t\t\t\t\t\t\t\t\t<\/div>\n\t\t\t\t<\/div>\n\t\t\t\t\t<\/div>\n\t\t<\/div>\n\t\t\t\t<div class=\"elementor-column elementor-col-20 elementor-inner-column elementor-element elementor-element-393698d\" data-id=\"393698d\" data-element_type=\"column\">\n\t\t\t<div class=\"elementor-widget-wrap elementor-element-populated\">\n\t\t\t\t\t\t<div class=\"elementor-element elementor-element-7f79f19 elementor-widget elementor-widget-image\" data-id=\"7f79f19\" data-element_type=\"widget\" data-widget_type=\"image.default\">\n\t\t\t\t<div class=\"elementor-widget-container\">\n\t\t\t\t\t\t\t\t\t\t\t\t\t\t\t<img loading=\"lazy\" decoding=\"async\" width=\"181\" height=\"181\" src=\"http:\/\/promtuslogistica.com\/wp-content\/uploads\/2021\/11\/4.png\" class=\"attachment-full size-full wp-image-167\" alt=\"\" srcset=\"http:\/\/promtuslogistica.com\/wp-content\/uploads\/2021\/11\/4.png 181w, http:\/\/promtuslogistica.com\/wp-content\/uploads\/2021\/11\/4-150x150.png 150w\" sizes=\"(max-width: 181px) 100vw, 181px\" \/>\t\t\t\t\t\t\t\t\t\t\t\t\t\t\t<\/div>\n\t\t\t\t<\/div>\n\t\t\t\t\t<\/div>\n\t\t<\/div>\n\t\t\t\t<div class=\"elementor-column elementor-col-20 elementor-inner-column elementor-element elementor-element-4537804\" data-id=\"4537804\" data-element_type=\"column\">\n\t\t\t<div class=\"elementor-widget-wrap elementor-element-populated\">\n\t\t\t\t\t\t<div class=\"elementor-element elementor-element-74f391b elementor-widget elementor-widget-image\" data-id=\"74f391b\" data-element_type=\"widget\" data-widget_type=\"image.default\">\n\t\t\t\t<div class=\"elementor-widget-container\">\n\t\t\t\t\t\t\t\t\t\t\t\t\t\t\t<img loading=\"lazy\" decoding=\"async\" width=\"181\" height=\"181\" src=\"http:\/\/promtuslogistica.com\/wp-content\/uploads\/2021\/11\/5.png\" class=\"attachment-full size-full wp-image-168\" alt=\"\" srcset=\"http:\/\/promtuslogistica.com\/wp-content\/uploads\/2021\/11\/5.png 181w, http:\/\/promtuslogistica.com\/wp-content\/uploads\/2021\/11\/5-150x150.png 150w\" sizes=\"(max-width: 181px) 100vw, 181px\" \/>\t\t\t\t\t\t\t\t\t\t\t\t\t\t\t<\/div>\n\t\t\t\t<\/div>\n\t\t\t\t\t<\/div>\n\t\t<\/div>\n\t\t\t\t\t<\/div>\n\t\t<\/section>\n\t\t\t\t<section class=\"elementor-section elementor-inner-section elementor-element elementor-element-673670f elementor-section-boxed elementor-section-height-default elementor-section-height-default\" data-id=\"673670f\" data-element_type=\"section\">\n\t\t\t\t\t\t<div class=\"elementor-container elementor-column-gap-default\">\n\t\t\t\t\t<div class=\"elementor-column elementor-col-20 elementor-inner-column elementor-element elementor-element-a0e526c\" data-id=\"a0e526c\" data-element_type=\"column\">\n\t\t\t<div class=\"elementor-widget-wrap elementor-element-populated\">\n\t\t\t\t\t\t<div class=\"elementor-element elementor-element-d4119a2 elementor-widget elementor-widget-image\" data-id=\"d4119a2\" data-element_type=\"widget\" data-widget_type=\"image.default\">\n\t\t\t\t<div class=\"elementor-widget-container\">\n\t\t\t\t\t\t\t\t\t\t\t\t\t\t\t<img loading=\"lazy\" decoding=\"async\" width=\"181\" height=\"181\" src=\"http:\/\/promtuslogistica.com\/wp-content\/uploads\/2021\/11\/6.png\" class=\"attachment-full size-full wp-image-169\" alt=\"\" srcset=\"http:\/\/promtuslogistica.com\/wp-content\/uploads\/2021\/11\/6.png 181w, http:\/\/promtuslogistica.com\/wp-content\/uploads\/2021\/11\/6-150x150.png 150w\" sizes=\"(max-width: 181px) 100vw, 181px\" \/>\t\t\t\t\t\t\t\t\t\t\t\t\t\t\t<\/div>\n\t\t\t\t<\/div>\n\t\t\t\t\t<\/div>\n\t\t<\/div>\n\t\t\t\t<div class=\"elementor-column elementor-col-20 elementor-inner-column elementor-element elementor-element-1088aac\" data-id=\"1088aac\" data-element_type=\"column\">\n\t\t\t<div class=\"elementor-widget-wrap elementor-element-populated\">\n\t\t\t\t\t\t<div class=\"elementor-element elementor-element-1f876db elementor-widget elementor-widget-image\" data-id=\"1f876db\" data-element_type=\"widget\" data-widget_type=\"image.default\">\n\t\t\t\t<div class=\"elementor-widget-container\">\n\t\t\t\t\t\t\t\t\t\t\t\t\t\t\t<img loading=\"lazy\" decoding=\"async\" width=\"181\" height=\"181\" src=\"http:\/\/promtuslogistica.com\/wp-content\/uploads\/2021\/11\/7.png\" class=\"attachment-full size-full wp-image-170\" alt=\"\" srcset=\"http:\/\/promtuslogistica.com\/wp-content\/uploads\/2021\/11\/7.png 181w, http:\/\/promtuslogistica.com\/wp-content\/uploads\/2021\/11\/7-150x150.png 150w\" sizes=\"(max-width: 181px) 100vw, 181px\" \/>\t\t\t\t\t\t\t\t\t\t\t\t\t\t\t<\/div>\n\t\t\t\t<\/div>\n\t\t\t\t\t<\/div>\n\t\t<\/div>\n\t\t\t\t<div class=\"elementor-column elementor-col-20 elementor-inner-column elementor-element elementor-element-cfcf018\" data-id=\"cfcf018\" data-element_type=\"column\">\n\t\t\t<div class=\"elementor-widget-wrap elementor-element-populated\">\n\t\t\t\t\t\t<div class=\"elementor-element elementor-element-e6b4926 elementor-widget elementor-widget-image\" data-id=\"e6b4926\" data-element_type=\"widget\" data-widget_type=\"image.default\">\n\t\t\t\t<div class=\"elementor-widget-container\">\n\t\t\t\t\t\t\t\t\t\t\t\t\t\t\t<img loading=\"lazy\" decoding=\"async\" width=\"181\" height=\"181\" src=\"http:\/\/promtuslogistica.com\/wp-content\/uploads\/2021\/11\/8.png\" class=\"attachment-full size-full wp-image-171\" alt=\"\" srcset=\"http:\/\/promtuslogistica.com\/wp-content\/uploads\/2021\/11\/8.png 181w, http:\/\/promtuslogistica.com\/wp-content\/uploads\/2021\/11\/8-150x150.png 150w\" sizes=\"(max-width: 181px) 100vw, 181px\" \/>\t\t\t\t\t\t\t\t\t\t\t\t\t\t\t<\/div>\n\t\t\t\t<\/div>\n\t\t\t\t\t<\/div>\n\t\t<\/div>\n\t\t\t\t<div class=\"elementor-column elementor-col-20 elementor-inner-column elementor-element elementor-element-2010581\" data-id=\"2010581\" data-element_type=\"column\">\n\t\t\t<div class=\"elementor-widget-wrap elementor-element-populated\">\n\t\t\t\t\t\t<div class=\"elementor-element elementor-element-e14e624 elementor-widget elementor-widget-image\" data-id=\"e14e624\" data-element_type=\"widget\" data-widget_type=\"image.default\">\n\t\t\t\t<div class=\"elementor-widget-container\">\n\t\t\t\t\t\t\t\t\t\t\t\t\t\t\t<img loading=\"lazy\" decoding=\"async\" width=\"181\" height=\"181\" src=\"http:\/\/promtuslogistica.com\/wp-content\/uploads\/2021\/11\/9.png\" class=\"attachment-full size-full wp-image-172\" alt=\"\" srcset=\"http:\/\/promtuslogistica.com\/wp-content\/uploads\/2021\/11\/9.png 181w, http:\/\/promtuslogistica.com\/wp-content\/uploads\/2021\/11\/9-150x150.png 150w\" sizes=\"(max-width: 181px) 100vw, 181px\" \/>\t\t\t\t\t\t\t\t\t\t\t\t\t\t\t<\/div>\n\t\t\t\t<\/div>\n\t\t\t\t\t<\/div>\n\t\t<\/div>\n\t\t\t\t<div class=\"elementor-column elementor-col-20 elementor-inner-column elementor-element elementor-element-c732f00\" data-id=\"c732f00\" data-element_type=\"column\">\n\t\t\t<div class=\"elementor-widget-wrap elementor-element-populated\">\n\t\t\t\t\t\t<div class=\"elementor-element elementor-element-c6ed6dc elementor-widget elementor-widget-image\" data-id=\"c6ed6dc\" data-element_type=\"widget\" data-widget_type=\"image.default\">\n\t\t\t\t<div class=\"elementor-widget-container\">\n\t\t\t\t\t\t\t\t\t\t\t\t\t\t\t<img loading=\"lazy\" decoding=\"async\" width=\"181\" height=\"181\" src=\"http:\/\/promtuslogistica.com\/wp-content\/uploads\/2021\/11\/10.png\" class=\"attachment-full size-full wp-image-173\" alt=\"\" srcset=\"http:\/\/promtuslogistica.com\/wp-content\/uploads\/2021\/11\/10.png 181w, http:\/\/promtuslogistica.com\/wp-content\/uploads\/2021\/11\/10-150x150.png 150w\" sizes=\"(max-width: 181px) 100vw, 181px\" \/>\t\t\t\t\t\t\t\t\t\t\t\t\t\t\t<\/div>\n\t\t\t\t<\/div>\n\t\t\t\t\t<\/div>\n\t\t<\/div>\n\t\t\t\t\t<\/div>\n\t\t<\/section>\n\t\t\t\t<section class=\"elementor-section elementor-inner-section elementor-element elementor-element-3a2d650 elementor-section-boxed elementor-section-height-default elementor-section-height-default\" data-id=\"3a2d650\" data-element_type=\"section\">\n\t\t\t\t\t\t<div class=\"elementor-container elementor-column-gap-default\">\n\t\t\t\t\t<div class=\"elementor-column elementor-col-20 elementor-inner-column elementor-element elementor-element-23afb8c\" data-id=\"23afb8c\" data-element_type=\"column\">\n\t\t\t<div class=\"elementor-widget-wrap elementor-element-populated\">\n\t\t\t\t\t\t<div class=\"elementor-element elementor-element-35778a5 elementor-widget elementor-widget-image\" data-id=\"35778a5\" data-element_type=\"widget\" data-widget_type=\"image.default\">\n\t\t\t\t<div class=\"elementor-widget-container\">\n\t\t\t\t\t\t\t\t\t\t\t\t\t\t\t<img loading=\"lazy\" decoding=\"async\" width=\"181\" height=\"181\" src=\"http:\/\/promtuslogistica.com\/wp-content\/uploads\/2021\/11\/11.png\" class=\"attachment-full size-full wp-image-174\" alt=\"\" srcset=\"http:\/\/promtuslogistica.com\/wp-content\/uploads\/2021\/11\/11.png 181w, http:\/\/promtuslogistica.com\/wp-content\/uploads\/2021\/11\/11-150x150.png 150w\" sizes=\"(max-width: 181px) 100vw, 181px\" \/>\t\t\t\t\t\t\t\t\t\t\t\t\t\t\t<\/div>\n\t\t\t\t<\/div>\n\t\t\t\t\t<\/div>\n\t\t<\/div>\n\t\t\t\t<div class=\"elementor-column elementor-col-20 elementor-inner-column elementor-element elementor-element-43ea66a\" data-id=\"43ea66a\" data-element_type=\"column\">\n\t\t\t<div class=\"elementor-widget-wrap elementor-element-populated\">\n\t\t\t\t\t\t<div class=\"elementor-element elementor-element-7b9e341 elementor-widget elementor-widget-image\" data-id=\"7b9e341\" data-element_type=\"widget\" data-widget_type=\"image.default\">\n\t\t\t\t<div class=\"elementor-widget-container\">\n\t\t\t\t\t\t\t\t\t\t\t\t\t\t\t<img loading=\"lazy\" decoding=\"async\" width=\"181\" height=\"181\" src=\"http:\/\/promtuslogistica.com\/wp-content\/uploads\/2021\/11\/12.png\" class=\"attachment-full size-full wp-image-175\" alt=\"\" srcset=\"http:\/\/promtuslogistica.com\/wp-content\/uploads\/2021\/11\/12.png 181w, http:\/\/promtuslogistica.com\/wp-content\/uploads\/2021\/11\/12-150x150.png 150w\" sizes=\"(max-width: 181px) 100vw, 181px\" \/>\t\t\t\t\t\t\t\t\t\t\t\t\t\t\t<\/div>\n\t\t\t\t<\/div>\n\t\t\t\t\t<\/div>\n\t\t<\/div>\n\t\t\t\t<div class=\"elementor-column elementor-col-20 elementor-inner-column elementor-element elementor-element-d30411d\" data-id=\"d30411d\" data-element_type=\"column\">\n\t\t\t<div class=\"elementor-widget-wrap elementor-element-populated\">\n\t\t\t\t\t\t<div class=\"elementor-element elementor-element-b642223 elementor-widget elementor-widget-image\" data-id=\"b642223\" data-element_type=\"widget\" data-widget_type=\"image.default\">\n\t\t\t\t<div class=\"elementor-widget-container\">\n\t\t\t\t\t\t\t\t\t\t\t\t\t\t\t<img loading=\"lazy\" decoding=\"async\" width=\"181\" height=\"181\" src=\"http:\/\/promtuslogistica.com\/wp-content\/uploads\/2021\/11\/13.png\" class=\"attachment-full size-full wp-image-176\" alt=\"\" srcset=\"http:\/\/promtuslogistica.com\/wp-content\/uploads\/2021\/11\/13.png 181w, http:\/\/promtuslogistica.com\/wp-content\/uploads\/2021\/11\/13-150x150.png 150w\" sizes=\"(max-width: 181px) 100vw, 181px\" \/>\t\t\t\t\t\t\t\t\t\t\t\t\t\t\t<\/div>\n\t\t\t\t<\/div>\n\t\t\t\t\t<\/div>\n\t\t<\/div>\n\t\t\t\t<div class=\"elementor-column elementor-col-20 elementor-inner-column elementor-element elementor-element-290fd09\" data-id=\"290fd09\" data-element_type=\"column\">\n\t\t\t<div class=\"elementor-widget-wrap elementor-element-populated\">\n\t\t\t\t\t\t<div class=\"elementor-element elementor-element-1f2bc70 elementor-widget elementor-widget-image\" data-id=\"1f2bc70\" data-element_type=\"widget\" data-widget_type=\"image.default\">\n\t\t\t\t<div class=\"elementor-widget-container\">\n\t\t\t\t\t\t\t\t\t\t\t\t\t\t\t<img loading=\"lazy\" decoding=\"async\" width=\"181\" height=\"181\" src=\"http:\/\/promtuslogistica.com\/wp-content\/uploads\/2021\/11\/14.png\" class=\"attachment-full size-full wp-image-177\" alt=\"\" srcset=\"http:\/\/promtuslogistica.com\/wp-content\/uploads\/2021\/11\/14.png 181w, http:\/\/promtuslogistica.com\/wp-content\/uploads\/2021\/11\/14-150x150.png 150w\" sizes=\"(max-width: 181px) 100vw, 181px\" \/>\t\t\t\t\t\t\t\t\t\t\t\t\t\t\t<\/div>\n\t\t\t\t<\/div>\n\t\t\t\t\t<\/div>\n\t\t<\/div>\n\t\t\t\t<div class=\"elementor-column elementor-col-20 elementor-inner-column elementor-element elementor-element-488dbcf\" data-id=\"488dbcf\" data-element_type=\"column\">\n\t\t\t<div class=\"elementor-widget-wrap\">\n\t\t\t\t\t\t\t<\/div>\n\t\t<\/div>\n\t\t\t\t\t<\/div>\n\t\t<\/section>\n\t\t\t\t\t<\/div>\n\t\t<\/div>\n\t\t\t\t\t<\/div>\n\t\t<\/section>\n\t\t\t\t<\/div>","protected":false},"excerpt":{"rendered":"<p>Century Export Co. LLC y Promtus Logistica es una Compa\u00f1\u00eda que tiene en el mercado ya m\u00e1s de 45 a\u00f1os, El se\u00f1or Humberto Saldivar Garza fue quien form\u00f3 esta empresa especializada en sus inicios en la importaci\u00f3n y exportaci\u00f3n de productos derivados del cuero de res, cerdo, caballo, entre otros. En torno a la industria&hellip;&nbsp;<a href=\"http:\/\/promtuslogistica.com\/en\/nuestra-empresa\/\" rel=\"bookmark\">Read More &raquo;<span class=\"screen-reader-text\">Our Company<\/span><\/a><\/p>","protected":false},"author":1,"featured_media":0,"parent":0,"menu_order":0,"comment_status":"closed","ping_status":"closed","template":"elementor_header_footer","meta":{"neve_meta_sidebar":"","neve_meta_container":"","neve_meta_enable_content_width":"","neve_meta_content_width":0,"neve_meta_title_alignment":"","neve_meta_author_avatar":"","neve_post_elements_order":"","neve_meta_disable_header":"","neve_meta_disable_footer":"","neve_meta_disable_title":"","footnotes":""},"class_list":["post-138","page","type-page","status-publish","hentry"],"_links":{"self":[{"href":"http:\/\/promtuslogistica.com\/en\/wp-json\/wp\/v2\/pages\/138","targetHints":{"allow":["GET"]}}],"collection":[{"href":"http:\/\/promtuslogistica.com\/en\/wp-json\/wp\/v2\/pages"}],"about":[{"href":"http:\/\/promtuslogistica.com\/en\/wp-json\/wp\/v2\/types\/page"}],"author":[{"embeddable":true,"href":"http:\/\/promtuslogistica.com\/en\/wp-json\/wp\/v2\/users\/1"}],"replies":[{"embeddable":true,"href":"http:\/\/promtuslogistica.com\/en\/wp-json\/wp\/v2\/comments?post=138"}],"version-history":[{"count":29,"href":"http:\/\/promtuslogistica.com\/en\/wp-json\/wp\/v2\/pages\/138\/revisions"}],"predecessor-version":[{"id":365,"href":"http:\/\/promtuslogistica.com\/en\/wp-json\/wp\/v2\/pages\/138\/revisions\/365"}],"wp:attachment":[{"href":"http:\/\/promtuslogistica.com\/en\/wp-json\/wp\/v2\/media?parent=138"}],"curies":[{"name":"wp","href":"https:\/\/api.w.org\/{rel}","templated":true}]}}